{"id":1931,"date":"2025-05-14T10:50:46","date_gmt":"2025-05-14T16:50:46","guid":{"rendered":"https:\/\/ibpack.mx\/?page_id=1931"},"modified":"2025-07-17T16:34:33","modified_gmt":"2025-07-17T22:34:33","slug":"politica","status":"publish","type":"page","link":"https:\/\/ibpack.mx\/es\/ib-pack\/politica\/","title":{"rendered":"Pol\u00edtica"},"content":{"rendered":"<p>[et_pb_section fb_built=&#8221;1&#8243; _builder_version=&#8221;4.16&#8243; global_colors_info=&#8221;{}&#8221;][et_pb_row _builder_version=&#8221;4.16&#8243; background_size=&#8221;initial&#8221; background_position=&#8221;top_left&#8221; background_repeat=&#8221;repeat&#8221; global_colors_info=&#8221;{}&#8221;][et_pb_column type=&#8221;4_4&#8243; _builder_version=&#8221;4.16&#8243; custom_padding=&#8221;|||&#8221; global_colors_info=&#8221;{}&#8221; custom_padding__hover=&#8221;|||&#8221;][et_pb_text _builder_version=&#8221;4.16&#8243; background_size=&#8221;initial&#8221; background_position=&#8221;top_left&#8221; background_repeat=&#8221;repeat&#8221; global_colors_info=&#8221;{}&#8221;]<\/p>\n<p><strong>International Baskets S.A. de C.V. es <\/strong>una organizaci\u00f3n 100% mexicana, comprometida a la elaboraci\u00f3n de envases pl\u00e1sticos que satisface al ramo agroalimenticio, siendo una empresa que se responsabiliza en el \u00e1mbito social y ambiental.<\/p>\n<p>Nos enfocamos en la mejora continua de nuestros procesos, y productos a trav\u00e9s de una cultura de inocuidad, capacitaci\u00f3n constante, comunicaci\u00f3n eficaz y trabajo en equipo con nuestro personal, clientes y proveedores.<\/p>\n<p>Adem\u00e1s del establecimiento y cumplimiento de objetivos asegurando que los procesos cumplen los requerimientos legislativos, regulatorios, de calidad e inocuidad de nuestros clientes.<\/p>\n<p>&nbsp;<\/p>\n<p>&nbsp;<\/p>\n<p>Gerente General<\/p>\n<p>Ing. Alejandro Emilio Gutierrez Ovalle<\/p>\n<p>[\/et_pb_text][\/et_pb_column][\/et_pb_row][\/et_pb_section]<\/p>\n","protected":false},"excerpt":{"rendered":"<p>International Baskets S.A. de C.V. es una organizaci\u00f3n 100% mexicana, comprometida a la elaboraci\u00f3n de envases pl\u00e1sticos que satisface al ramo agroalimenticio, siendo una empresa que se responsabiliza en el \u00e1mbito social y ambiental. Nos enfocamos en la mejora continua de nuestros procesos, y productos a trav\u00e9s de una cultura de inocuidad, capacitaci\u00f3n constante, comunicaci\u00f3n [&hellip;]<\/p>\n","protected":false},"author":1,"featured_media":0,"parent":2,"menu_order":5,"comment_status":"closed","ping_status":"closed","template":"","meta":{"_acf_changed":false,"_et_pb_use_builder":"on","_et_pb_old_content":"<p><strong>International Baskets S.A. de C.V. es <\/strong>una organizaci\u00f3n 100% mexicana, comprometida a la elaboraci\u00f3n de envases pl\u00e1sticos que satisface al ramo agroalimenticio, siendo una empresa que se responsabiliza en el \u00e1mbito social y ambiental.<\/p><p>Nos enfocamos en la mejora continua de nuestros procesos, y productos a trav\u00e9s de una cultura de inocuidad, capacitaci\u00f3n constante, comunicaci\u00f3n eficaz y trabajo en equipo con nuestro personal, clientes y proveedores.<\/p><p>Adem\u00e1s, aseguramos que los procesos cumplen los requerimientos legislativos, regulatorios, de calidad e inocuidad de nuestros clientes.<\/p><p>\u00a0<\/p><p>\u00a0<\/p><p>\u00a0<\/p><p style=\"text-align: center;\">Gerente General<\/p><p style=\"text-align: center;\">Ing. Alejandro Emilio Gutierrez Ovalle<\/p>","_et_gb_content_width":"","_joinchat":[],"footnotes":""},"class_list":["post-1931","page","type-page","status-publish","hentry"],"acf":[],"_links":{"self":[{"href":"https:\/\/ibpack.mx\/es\/wp-json\/wp\/v2\/pages\/1931","targetHints":{"allow":["GET"]}}],"collection":[{"href":"https:\/\/ibpack.mx\/es\/wp-json\/wp\/v2\/pages"}],"about":[{"href":"https:\/\/ibpack.mx\/es\/wp-json\/wp\/v2\/types\/page"}],"author":[{"embeddable":true,"href":"https:\/\/ibpack.mx\/es\/wp-json\/wp\/v2\/users\/1"}],"replies":[{"embeddable":true,"href":"https:\/\/ibpack.mx\/es\/wp-json\/wp\/v2\/comments?post=1931"}],"version-history":[{"count":11,"href":"https:\/\/ibpack.mx\/es\/wp-json\/wp\/v2\/pages\/1931\/revisions"}],"predecessor-version":[{"id":1959,"href":"https:\/\/ibpack.mx\/es\/wp-json\/wp\/v2\/pages\/1931\/revisions\/1959"}],"up":[{"embeddable":true,"href":"https:\/\/ibpack.mx\/es\/wp-json\/wp\/v2\/pages\/2"}],"wp:attachment":[{"href":"https:\/\/ibpack.mx\/es\/wp-json\/wp\/v2\/media?parent=1931"}],"curies":[{"name":"wp","href":"https:\/\/api.w.org\/{rel}","templated":true}]}}